{"id":25,"date":"2016-11-05T17:57:47","date_gmt":"2016-11-05T17:57:47","guid":{"rendered":"http:\/\/autocomplex.nazwa.pl\/junaart\/?page_id=25"},"modified":"2020-11-26T19:34:14","modified_gmt":"2020-11-26T19:34:14","slug":"junaart","status":"publish","type":"page","link":"https:\/\/www.junaart.com\/","title":{"rendered":"JunaArt"},"content":{"rendered":"<h3 style=\"text-align: center;\"><span style=\"color: #ff0000;\"><strong><span style=\"color: #000000;\"> Juna<\/span>Art <span style=\"color: #000000;\">&#8211;<\/span> <\/strong><em>Zapraszamy do zapoznania si\u0119 z nasz\u0105 ofert\u0105<\/em><br \/>\n<\/span><\/h3>\n<h3 style=\"text-align: center;\"><div id=\"metaslider-id-7\" style=\"max-width: 400px; margin: 0 auto;\" class=\"ml-slider-3-60-1 metaslider metaslider-flex metaslider-7 ml-slider ms-theme-nivo-bar nav-hidden\" role=\"region\" aria-roledescription=\"Slideshow\" aria-label=\"tabliczki\">\n    <div id=\"metaslider_container_7\">\n        <div id=\"metaslider_7\" class=\"flexslider\">\n            <ul aria-live=\"polite\" class=\"slides\">\n                <li style=\"display: block; width: 100%;\" class=\"slide-534 ms-image\" aria-roledescription=\"slide\" aria-label=\"slide-534\"><img loading=\"lazy\" decoding=\"async\" src=\"https:\/\/www.junaart.com\/wp-content\/uploads\/2024\/01\/1-400x600.png\" height=\"600\" width=\"400\" alt=\"\" class=\"slider-7 slide-534\" title=\"1\" \/><\/li>\n                <li style=\"display: none; width: 100%;\" class=\"slide-559 ms-image\" aria-roledescription=\"slide\" aria-label=\"slide-559\"><img loading=\"lazy\" decoding=\"async\" src=\"https:\/\/www.junaart.com\/wp-content\/uploads\/2024\/01\/2-400x600.png\" height=\"600\" width=\"400\" alt=\"\" class=\"slider-7 slide-559\" title=\"2\" \/><\/li>\n                <li style=\"display: none; width: 100%;\" class=\"slide-571 ms-image\" aria-roledescription=\"slide\" aria-label=\"slide-571\"><img loading=\"lazy\" decoding=\"async\" src=\"https:\/\/www.junaart.com\/wp-content\/uploads\/2024\/01\/3-400x600.png\" height=\"600\" width=\"400\" alt=\"\" class=\"slider-7 slide-571\" title=\"3\" \/><\/li>\n                <li style=\"display: none; width: 100%;\" class=\"slide-570 ms-image\" aria-roledescription=\"slide\" aria-label=\"slide-570\"><img loading=\"lazy\" decoding=\"async\" src=\"https:\/\/www.junaart.com\/wp-content\/uploads\/2024\/01\/4-400x600.png\" height=\"600\" width=\"400\" alt=\"\" class=\"slider-7 slide-570\" title=\"4\" \/><\/li>\n                <li style=\"display: none; width: 100%;\" class=\"slide-569 ms-image\" aria-roledescription=\"slide\" aria-label=\"slide-569\"><img loading=\"lazy\" decoding=\"async\" src=\"https:\/\/www.junaart.com\/wp-content\/uploads\/2024\/01\/5-400x600.png\" height=\"600\" width=\"400\" alt=\"\" class=\"slider-7 slide-569\" title=\"5\" \/><\/li>\n                <li style=\"display: none; width: 100%;\" class=\"slide-568 ms-image\" aria-roledescription=\"slide\" aria-label=\"slide-568\"><img loading=\"lazy\" decoding=\"async\" src=\"https:\/\/www.junaart.com\/wp-content\/uploads\/2024\/01\/6-400x600.png\" height=\"600\" width=\"400\" alt=\"\" class=\"slider-7 slide-568\" title=\"6\" \/><\/li>\n                <li style=\"display: none; width: 100%;\" class=\"slide-560 ms-image\" aria-roledescription=\"slide\" aria-label=\"slide-560\"><img loading=\"lazy\" decoding=\"async\" src=\"https:\/\/www.junaart.com\/wp-content\/uploads\/2024\/01\/14-400x600.png\" height=\"600\" width=\"400\" alt=\"\" class=\"slider-7 slide-560\" title=\"14\" \/><\/li>\n                <li style=\"display: none; width: 100%;\" class=\"slide-561 ms-image\" aria-roledescription=\"slide\" aria-label=\"slide-561\"><img loading=\"lazy\" decoding=\"async\" src=\"https:\/\/www.junaart.com\/wp-content\/uploads\/2024\/01\/13-400x600.png\" height=\"600\" width=\"400\" alt=\"\" class=\"slider-7 slide-561\" title=\"13\" \/><\/li>\n                <li style=\"display: none; width: 100%;\" class=\"slide-562 ms-image\" aria-roledescription=\"slide\" aria-label=\"slide-562\"><img loading=\"lazy\" decoding=\"async\" src=\"https:\/\/www.junaart.com\/wp-content\/uploads\/2024\/01\/12-400x600.png\" height=\"600\" width=\"400\" alt=\"\" class=\"slider-7 slide-562\" title=\"12\" \/><\/li>\n                <li style=\"display: none; width: 100%;\" class=\"slide-563 ms-image\" aria-roledescription=\"slide\" aria-label=\"slide-563\"><img loading=\"lazy\" decoding=\"async\" src=\"https:\/\/www.junaart.com\/wp-content\/uploads\/2024\/01\/11-400x600.png\" height=\"600\" width=\"400\" alt=\"\" class=\"slider-7 slide-563\" title=\"11\" \/><\/li>\n                <li style=\"display: none; width: 100%;\" class=\"slide-564 ms-image\" aria-roledescription=\"slide\" aria-label=\"slide-564\"><img loading=\"lazy\" decoding=\"async\" src=\"https:\/\/www.junaart.com\/wp-content\/uploads\/2024\/01\/10-400x600.png\" height=\"600\" width=\"400\" alt=\"\" class=\"slider-7 slide-564\" title=\"10\" \/><\/li>\n                <li style=\"display: none; width: 100%;\" class=\"slide-565 ms-image\" aria-roledescription=\"slide\" aria-label=\"slide-565\"><img loading=\"lazy\" decoding=\"async\" src=\"https:\/\/www.junaart.com\/wp-content\/uploads\/2024\/01\/9-400x600.png\" height=\"600\" width=\"400\" alt=\"\" class=\"slider-7 slide-565\" title=\"9\" \/><\/li>\n                <li style=\"display: none; width: 100%;\" class=\"slide-566 ms-image\" aria-roledescription=\"slide\" aria-label=\"slide-566\"><img loading=\"lazy\" decoding=\"async\" src=\"https:\/\/www.junaart.com\/wp-content\/uploads\/2024\/01\/8-400x600.png\" height=\"600\" width=\"400\" alt=\"\" class=\"slider-7 slide-566\" title=\"8\" \/><\/li>\n                <li style=\"display: none; width: 100%;\" class=\"slide-567 ms-image\" aria-roledescription=\"slide\" aria-label=\"slide-567\"><img loading=\"lazy\" decoding=\"async\" src=\"https:\/\/www.junaart.com\/wp-content\/uploads\/2024\/01\/7-400x600.png\" height=\"600\" width=\"400\" alt=\"\" class=\"slider-7 slide-567\" title=\"7\" \/><\/li>\n                <li style=\"display: none; width: 100%;\" class=\"slide-587 ms-image\" aria-roledescription=\"slide\" aria-label=\"slide-587\"><img loading=\"lazy\" decoding=\"async\" src=\"https:\/\/www.junaart.com\/wp-content\/uploads\/2024\/01\/15-400x600.png\" height=\"600\" width=\"400\" alt=\"\" class=\"slider-7 slide-587\" title=\"15\" \/><\/li>\n                <li style=\"display: none; width: 100%;\" class=\"slide-594 ms-image\" aria-roledescription=\"slide\" aria-label=\"slide-594\"><img loading=\"lazy\" decoding=\"async\" src=\"https:\/\/www.junaart.com\/wp-content\/uploads\/2024\/01\/24-400x600.png\" height=\"600\" width=\"400\" alt=\"\" class=\"slider-7 slide-594\" title=\"24\" \/><\/li>\n                <li style=\"display: none; width: 100%;\" class=\"slide-595 ms-image\" aria-roledescription=\"slide\" aria-label=\"slide-595\"><img loading=\"lazy\" decoding=\"async\" src=\"https:\/\/www.junaart.com\/wp-content\/uploads\/2024\/01\/23-400x600.png\" height=\"600\" width=\"400\" alt=\"\" class=\"slider-7 slide-595\" title=\"23\" \/><\/li>\n                <li style=\"display: none; width: 100%;\" class=\"slide-596 ms-image\" aria-roledescription=\"slide\" aria-label=\"slide-596\"><img loading=\"lazy\" decoding=\"async\" src=\"https:\/\/www.junaart.com\/wp-content\/uploads\/2024\/01\/22-400x600.png\" height=\"600\" width=\"400\" alt=\"\" class=\"slider-7 slide-596\" title=\"22\" \/><\/li>\n                <li style=\"display: none; width: 100%;\" class=\"slide-597 ms-image\" aria-roledescription=\"slide\" aria-label=\"slide-597\"><img loading=\"lazy\" decoding=\"async\" src=\"https:\/\/www.junaart.com\/wp-content\/uploads\/2024\/01\/21-400x600.png\" height=\"600\" width=\"400\" alt=\"\" class=\"slider-7 slide-597\" title=\"21\" \/><\/li>\n                <li style=\"display: none; width: 100%;\" class=\"slide-598 ms-image\" aria-roledescription=\"slide\" aria-label=\"slide-598\"><img loading=\"lazy\" decoding=\"async\" src=\"https:\/\/www.junaart.com\/wp-content\/uploads\/2024\/01\/20-400x600.png\" height=\"600\" width=\"400\" alt=\"\" class=\"slider-7 slide-598\" title=\"20\" \/><\/li>\n                <li style=\"display: none; width: 100%;\" class=\"slide-599 ms-image\" aria-roledescription=\"slide\" aria-label=\"slide-599\"><img loading=\"lazy\" decoding=\"async\" src=\"https:\/\/www.junaart.com\/wp-content\/uploads\/2024\/01\/19-400x600.png\" height=\"600\" width=\"400\" alt=\"\" class=\"slider-7 slide-599\" title=\"19\" \/><\/li>\n                <li style=\"display: none; width: 100%;\" class=\"slide-600 ms-image\" aria-roledescription=\"slide\" aria-label=\"slide-600\"><img loading=\"lazy\" decoding=\"async\" src=\"https:\/\/www.junaart.com\/wp-content\/uploads\/2024\/01\/17-400x600.png\" height=\"600\" width=\"400\" alt=\"\" class=\"slider-7 slide-600\" title=\"17\" \/><\/li>\n                <li style=\"display: none; width: 100%;\" class=\"slide-601 ms-image\" aria-roledescription=\"slide\" aria-label=\"slide-601\"><img loading=\"lazy\" decoding=\"async\" src=\"https:\/\/www.junaart.com\/wp-content\/uploads\/2024\/01\/16-400x600.png\" height=\"600\" width=\"400\" alt=\"\" class=\"slider-7 slide-601\" title=\"16\" \/><\/li>\n                <li style=\"display: none; width: 100%;\" class=\"slide-588 ms-image\" aria-roledescription=\"slide\" aria-label=\"slide-588\"><img loading=\"lazy\" decoding=\"async\" src=\"https:\/\/www.junaart.com\/wp-content\/uploads\/2024\/01\/30-400x600.png\" height=\"600\" width=\"400\" alt=\"\" class=\"slider-7 slide-588\" title=\"30\" \/><\/li>\n                <li style=\"display: none; width: 100%;\" class=\"slide-590 ms-image\" aria-roledescription=\"slide\" aria-label=\"slide-590\"><img loading=\"lazy\" decoding=\"async\" src=\"https:\/\/www.junaart.com\/wp-content\/uploads\/2024\/01\/28-400x600.png\" height=\"600\" width=\"400\" alt=\"\" class=\"slider-7 slide-590\" title=\"28\" \/><\/li>\n                <li style=\"display: none; width: 100%;\" class=\"slide-591 ms-image\" aria-roledescription=\"slide\" aria-label=\"slide-591\"><img loading=\"lazy\" decoding=\"async\" src=\"https:\/\/www.junaart.com\/wp-content\/uploads\/2024\/01\/27-400x600.png\" height=\"600\" width=\"400\" alt=\"\" class=\"slider-7 slide-591\" title=\"27\" \/><\/li>\n                <li style=\"display: none; width: 100%;\" class=\"slide-592 ms-image\" aria-roledescription=\"slide\" aria-label=\"slide-592\"><img loading=\"lazy\" decoding=\"async\" src=\"https:\/\/www.junaart.com\/wp-content\/uploads\/2024\/01\/26-400x600.png\" height=\"600\" width=\"400\" alt=\"\" class=\"slider-7 slide-592\" title=\"26\" \/><\/li>\n                <li style=\"display: none; width: 100%;\" class=\"slide-593 ms-image\" aria-roledescription=\"slide\" aria-label=\"slide-593\"><img loading=\"lazy\" decoding=\"async\" src=\"https:\/\/www.junaart.com\/wp-content\/uploads\/2024\/01\/25-400x600.png\" height=\"600\" width=\"400\" alt=\"\" class=\"slider-7 slide-593\" title=\"25\" \/><\/li>\n            <\/ul>\n        <\/div>\n        \n    <\/div>\n<\/div><\/h3>\n","protected":false},"excerpt":{"rendered":"<p>JunaArt &#8211; Zapraszamy do zapoznania si\u0119 z nasz\u0105 ofert\u0105<\/p>\n","protected":false},"author":1,"featured_media":0,"parent":0,"menu_order":0,"comment_status":"closed","ping_status":"closed","template":"templates\/template-full-notitle.php","meta":{"_monsterinsights_skip_tracking":false,"_monsterinsights_sitenote_active":false,"_monsterinsights_sitenote_note":"","_monsterinsights_sitenote_category":0,"footnotes":""},"yoast_head":"<!-- This site is optimized with the Yoast SEO plugin v21.9.1 - https:\/\/yoast.com\/wordpress\/plugins\/seo\/ -->\n<title>JunaArt - Producent Pami\u0105tek, Zawieszki Magnesy Breloki Breloczki i inne<\/title>\n<meta name=\"description\" content=\"JunaArt - producent pami\u0105tek. Zawieszki, Magnesy, Breloczki, Breloczki, inne. Karpacz Zakopane Pobierowo Wis\u0142a Ustronie Morskie Mi\u0119dzyzdroje Rewal Dziwn\u00f3w\" \/>\n<meta name=\"robots\" content=\"index, follow, max-snippet:-1, max-image-preview:large, max-video-preview:-1\" \/>\n<link rel=\"canonical\" href=\"https:\/\/www.junaart.com\/\" \/>\n<meta property=\"og:locale\" content=\"pl_PL\" \/>\n<meta property=\"og:type\" content=\"article\" \/>\n<meta property=\"og:title\" content=\"JunaArt - Producent Pami\u0105tek, Zawieszki Magnesy Breloki Breloczki i inne\" \/>\n<meta property=\"og:description\" content=\"JunaArt - producent pami\u0105tek. Zawieszki, Magnesy, Breloczki, Breloczki, inne. Karpacz Zakopane Pobierowo Wis\u0142a Ustronie Morskie Mi\u0119dzyzdroje Rewal Dziwn\u00f3w\" \/>\n<meta property=\"og:url\" content=\"https:\/\/www.junaart.com\/\" \/>\n<meta property=\"og:site_name\" content=\"JunaArt - Producent pami\u0105tek\" \/>\n<meta property=\"article:modified_time\" content=\"2020-11-26T19:34:14+00:00\" \/>\n<meta name=\"twitter:card\" content=\"summary_large_image\" \/>\n<script type=\"application\/ld+json\" class=\"yoast-schema-graph\">{\"@context\":\"https:\/\/schema.org\",\"@graph\":[{\"@type\":\"WebPage\",\"@id\":\"https:\/\/www.junaart.com\/\",\"url\":\"https:\/\/www.junaart.com\/\",\"name\":\"JunaArt - Producent Pami\u0105tek, Zawieszki Magnesy Breloki Breloczki i inne\",\"isPartOf\":{\"@id\":\"https:\/\/www.junaart.com\/#website\"},\"datePublished\":\"2016-11-05T17:57:47+00:00\",\"dateModified\":\"2020-11-26T19:34:14+00:00\",\"description\":\"JunaArt - producent pami\u0105tek. Zawieszki, Magnesy, Breloczki, Breloczki, inne. Karpacz Zakopane Pobierowo Wis\u0142a Ustronie Morskie Mi\u0119dzyzdroje Rewal Dziwn\u00f3w\",\"breadcrumb\":{\"@id\":\"https:\/\/www.junaart.com\/#breadcrumb\"},\"inLanguage\":\"pl-PL\",\"potentialAction\":[{\"@type\":\"ReadAction\",\"target\":[\"https:\/\/www.junaart.com\/\"]}]},{\"@type\":\"BreadcrumbList\",\"@id\":\"https:\/\/www.junaart.com\/#breadcrumb\",\"itemListElement\":[{\"@type\":\"ListItem\",\"position\":1,\"name\":\"Strona g\u0142\u00f3wna\",\"item\":\"https:\/\/www.junaart.com\/\"},{\"@type\":\"ListItem\",\"position\":2,\"name\":\"JunaArt\"}]},{\"@type\":\"WebSite\",\"@id\":\"https:\/\/www.junaart.com\/#website\",\"url\":\"https:\/\/www.junaart.com\/\",\"name\":\"JunaArt - Producent pami\u0105tek\",\"description\":\"\",\"publisher\":{\"@id\":\"https:\/\/www.junaart.com\/#organization\"},\"potentialAction\":[{\"@type\":\"SearchAction\",\"target\":{\"@type\":\"EntryPoint\",\"urlTemplate\":\"https:\/\/www.junaart.com\/?s={search_term_string}\"},\"query-input\":\"required name=search_term_string\"}],\"inLanguage\":\"pl-PL\"},{\"@type\":\"Organization\",\"@id\":\"https:\/\/www.junaart.com\/#organization\",\"name\":\"JunaArt - Producent pami\u0105tek\",\"url\":\"https:\/\/www.junaart.com\/\",\"logo\":{\"@type\":\"ImageObject\",\"inLanguage\":\"pl-PL\",\"@id\":\"https:\/\/www.junaart.com\/#\/schema\/logo\/image\/\",\"url\":\"https:\/\/www.junaart.com\/wp-content\/uploads\/2018\/12\/junaart-logo.png\",\"contentUrl\":\"https:\/\/www.junaart.com\/wp-content\/uploads\/2018\/12\/junaart-logo.png\",\"width\":2458,\"height\":557,\"caption\":\"JunaArt - Producent pami\u0105tek\"},\"image\":{\"@id\":\"https:\/\/www.junaart.com\/#\/schema\/logo\/image\/\"},\"sameAs\":[\"https:\/\/pl.pinterest.com\/eec12b1762b5300\/_created\/\"]}]}<\/script>\n<!-- \/ Yoast SEO plugin. -->","yoast_head_json":{"title":"JunaArt - Producent Pami\u0105tek, Zawieszki Magnesy Breloki Breloczki i inne","description":"JunaArt - producent pami\u0105tek. Zawieszki, Magnesy, Breloczki, Breloczki, inne. Karpacz Zakopane Pobierowo Wis\u0142a Ustronie Morskie Mi\u0119dzyzdroje Rewal Dziwn\u00f3w","robots":{"index":"index","follow":"follow","max-snippet":"max-snippet:-1","max-image-preview":"max-image-preview:large","max-video-preview":"max-video-preview:-1"},"canonical":"https:\/\/www.junaart.com\/","og_locale":"pl_PL","og_type":"article","og_title":"JunaArt - Producent Pami\u0105tek, Zawieszki Magnesy Breloki Breloczki i inne","og_description":"JunaArt - producent pami\u0105tek. Zawieszki, Magnesy, Breloczki, Breloczki, inne. Karpacz Zakopane Pobierowo Wis\u0142a Ustronie Morskie Mi\u0119dzyzdroje Rewal Dziwn\u00f3w","og_url":"https:\/\/www.junaart.com\/","og_site_name":"JunaArt - Producent pami\u0105tek","article_modified_time":"2020-11-26T19:34:14+00:00","twitter_card":"summary_large_image","schema":{"@context":"https:\/\/schema.org","@graph":[{"@type":"WebPage","@id":"https:\/\/www.junaart.com\/","url":"https:\/\/www.junaart.com\/","name":"JunaArt - Producent Pami\u0105tek, Zawieszki Magnesy Breloki Breloczki i inne","isPartOf":{"@id":"https:\/\/www.junaart.com\/#website"},"datePublished":"2016-11-05T17:57:47+00:00","dateModified":"2020-11-26T19:34:14+00:00","description":"JunaArt - producent pami\u0105tek. Zawieszki, Magnesy, Breloczki, Breloczki, inne. Karpacz Zakopane Pobierowo Wis\u0142a Ustronie Morskie Mi\u0119dzyzdroje Rewal Dziwn\u00f3w","breadcrumb":{"@id":"https:\/\/www.junaart.com\/#breadcrumb"},"inLanguage":"pl-PL","potentialAction":[{"@type":"ReadAction","target":["https:\/\/www.junaart.com\/"]}]},{"@type":"BreadcrumbList","@id":"https:\/\/www.junaart.com\/#breadcrumb","itemListElement":[{"@type":"ListItem","position":1,"name":"Strona g\u0142\u00f3wna","item":"https:\/\/www.junaart.com\/"},{"@type":"ListItem","position":2,"name":"JunaArt"}]},{"@type":"WebSite","@id":"https:\/\/www.junaart.com\/#website","url":"https:\/\/www.junaart.com\/","name":"JunaArt - Producent pami\u0105tek","description":"","publisher":{"@id":"https:\/\/www.junaart.com\/#organization"},"potentialAction":[{"@type":"SearchAction","target":{"@type":"EntryPoint","urlTemplate":"https:\/\/www.junaart.com\/?s={search_term_string}"},"query-input":"required name=search_term_string"}],"inLanguage":"pl-PL"},{"@type":"Organization","@id":"https:\/\/www.junaart.com\/#organization","name":"JunaArt - Producent pami\u0105tek","url":"https:\/\/www.junaart.com\/","logo":{"@type":"ImageObject","inLanguage":"pl-PL","@id":"https:\/\/www.junaart.com\/#\/schema\/logo\/image\/","url":"https:\/\/www.junaart.com\/wp-content\/uploads\/2018\/12\/junaart-logo.png","contentUrl":"https:\/\/www.junaart.com\/wp-content\/uploads\/2018\/12\/junaart-logo.png","width":2458,"height":557,"caption":"JunaArt - Producent pami\u0105tek"},"image":{"@id":"https:\/\/www.junaart.com\/#\/schema\/logo\/image\/"},"sameAs":["https:\/\/pl.pinterest.com\/eec12b1762b5300\/_created\/"]}]}},"_links":{"self":[{"href":"https:\/\/www.junaart.com\/index.php?rest_route=\/wp\/v2\/pages\/25"}],"collection":[{"href":"https:\/\/www.junaart.com\/index.php?rest_route=\/wp\/v2\/pages"}],"about":[{"href":"https:\/\/www.junaart.com\/index.php?rest_route=\/wp\/v2\/types\/page"}],"author":[{"embeddable":true,"href":"https:\/\/www.junaart.com\/index.php?rest_route=\/wp\/v2\/users\/1"}],"replies":[{"embeddable":true,"href":"https:\/\/www.junaart.com\/index.php?rest_route=%2Fwp%2Fv2%2Fcomments&post=25"}],"version-history":[{"count":28,"href":"https:\/\/www.junaart.com\/index.php?rest_route=\/wp\/v2\/pages\/25\/revisions"}],"predecessor-version":[{"id":771,"href":"https:\/\/www.junaart.com\/index.php?rest_route=\/wp\/v2\/pages\/25\/revisions\/771"}],"wp:attachment":[{"href":"https:\/\/www.junaart.com\/index.php?rest_route=%2Fwp%2Fv2%2Fmedia&parent=25"}],"curies":[{"name":"wp","href":"https:\/\/api.w.org\/{rel}","templated":true}]}}